{"id":4628,"date":"2024-12-05T13:56:14","date_gmt":"2024-12-05T12:56:14","guid":{"rendered":"https:\/\/jmc-technologies.com\/?page_id=4628"},"modified":"2024-12-26T11:52:24","modified_gmt":"2024-12-26T10:52:24","slug":"cuestionario-pro-necesidades","status":"publish","type":"page","link":"https:\/\/jmc-technologies.com\/es\/desalinisation-et-potabilisation-eau\/questionnaire-pro-besoins\/","title":{"rendered":"Cuestionario Pro Necesidades"},"content":{"rendered":"\t\t<div data-elementor-type=\"wp-page\" data-elementor-id=\"4628\" class=\"elementor elementor-4628\" data-elementor-post-type=\"page\">\n\t\t\t\t\t\t<section class=\"elementor-section elementor-top-section elementor-element elementor-element-3f511a05 animated-fast elementor-section-full_width elementor-section-height-min-height elementor-section-height-default elementor-section-items-middle elementor-invisible\" data-id=\"3f511a05\" data-element_type=\"section\" data-e-type=\"section\" data-settings=\"{&quot;background_background&quot;:&quot;slideshow&quot;,&quot;animation&quot;:&quot;zoomIn&quot;,&quot;background_slideshow_gallery&quot;:[{&quot;id&quot;:4421,&quot;url&quot;:&quot;https:\\\/\\\/jmc-technologies.com\\\/wp-content\\\/uploads\\\/2024\\\/12\\\/Pro-Traitement-de-leau-potable.jpg&quot;},{&quot;id&quot;:4422,&quot;url&quot;:&quot;https:\\\/\\\/jmc-technologies.com\\\/wp-content\\\/uploads\\\/2024\\\/12\\\/Pro-Desalinisation-Traitement-Eau.jpg&quot;}],&quot;background_slideshow_ken_burns&quot;:&quot;yes&quot;,&quot;background_slideshow_loop&quot;:&quot;yes&quot;,&quot;background_slideshow_slide_duration&quot;:5000,&quot;background_slideshow_slide_transition&quot;:&quot;fade&quot;,&quot;background_slideshow_transition_duration&quot;:500,&quot;background_slideshow_ken_burns_zoom_direction&quot;:&quot;in&quot;}\">\n\t\t\t\t\t\t\t<div class=\"elementor-background-overlay\"><\/div>\n\t\t\t\t\t\t\t<div class=\"elementor-container elementor-column-gap-default\">\n\t\t\t\t\t<div class=\"elementor-column elementor-col-100 elementor-top-column elementor-element elementor-element-255eb50e\" data-id=\"255eb50e\" data-element_type=\"column\" data-e-type=\"column\">\n\t\t\t<div class=\"elementor-widget-wrap elementor-element-populated\">\n\t\t\t\t\t\t<section class=\"elementor-section elementor-inner-section elementor-element elementor-element-6ef5e282 elementor-section-boxed elementor-section-height-default elementor-section-height-default\" data-id=\"6ef5e282\" data-element_type=\"section\" data-e-type=\"section\" data-settings=\"{&quot;background_background&quot;:&quot;classic&quot;}\">\n\t\t\t\t\t\t\t<div class=\"elementor-background-overlay\"><\/div>\n\t\t\t\t\t\t\t<div class=\"elementor-container elementor-column-gap-no\">\n\t\t\t\t\t<div class=\"elementor-column elementor-col-100 elementor-inner-column elementor-element elementor-element-2a8eb3e3\" data-id=\"2a8eb3e3\" data-element_type=\"column\" data-e-type=\"column\">\n\t\t\t<div class=\"elementor-widget-wrap elementor-element-populated\">\n\t\t\t\t\t\t<div class=\"elementor-element elementor-element-7b895c0 elementor-widget elementor-widget-heading\" data-id=\"7b895c0\" data-element_type=\"widget\" data-e-type=\"widget\" data-widget_type=\"heading.default\">\n\t\t\t\t<div class=\"elementor-widget-container\">\n\t\t\t\t\t<h2 class=\"elementor-heading-title elementor-size-default\">D\u00e9crivez vos besoins pour l'\u00e9tude de votre dossier..<\/h2>\t\t\t\t<\/div>\n\t\t\t\t<\/div>\n\t\t\t\t\t<\/div>\n\t\t<\/div>\n\t\t\t\t\t<\/div>\n\t\t<\/section>\n\t\t\t\t\t<\/div>\n\t\t<\/div>\n\t\t\t\t\t<\/div>\n\t\t<\/section>\n\t\t\t\t<section class=\"elementor-section elementor-top-section elementor-element elementor-element-21c87427 elementor-section-boxed elementor-section-height-default elementor-section-height-default\" data-id=\"21c87427\" data-element_type=\"section\" data-e-type=\"section\">\n\t\t\t\t\t\t<div class=\"elementor-container elementor-column-gap-default\">\n\t\t\t\t\t<div class=\"elementor-column elementor-col-100 elementor-top-column elementor-element elementor-element-47b7412b\" data-id=\"47b7412b\" data-element_type=\"column\" data-e-type=\"column\" data-settings=\"{&quot;background_background&quot;:&quot;classic&quot;}\">\n\t\t\t<div class=\"elementor-widget-wrap elementor-element-populated\">\n\t\t\t\t\t\t<div class=\"elementor-element elementor-element-58f4dbed elementor-widget elementor-widget-text-editor\" data-id=\"58f4dbed\" data-element_type=\"widget\" data-e-type=\"widget\" data-widget_type=\"text-editor.default\">\n\t\t\t\t<div class=\"elementor-widget-container\">\n\t\t\t\t\t\t\t\t\t<p>Nous savons que chaque professionnel a des besoins uniques en mati\u00e8re de traitement de l\u2019eau. Pour vous proposer une solution parfaitement adapt\u00e9e, nous avons con\u00e7u ce questionnaire simple et rapide. Vos r\u00e9ponses seront analys\u00e9es par nos experts afin de concevoir une proposition personnalis\u00e9e, qu\u2019il s\u2019agisse de syst\u00e8mes modulaires ou d\u2019une installation sur mesure. Gr\u00e2ce \u00e0 ce processus, vous b\u00e9n\u00e9ficiez d\u2019un accompagnement complet pour r\u00e9pondre \u00e0 vos exigences et aux sp\u00e9cificit\u00e9s de votre activit\u00e9.<\/p>\t\t\t\t\t\t\t\t<\/div>\n\t\t\t\t<\/div>\n\t\t\t\t\t<\/div>\n\t\t<\/div>\n\t\t\t\t\t<\/div>\n\t\t<\/section>\n\t\t\t\t<section class=\"elementor-section elementor-top-section elementor-element elementor-element-191e29b2 elementor-section-content-middle elementor-section-boxed elementor-section-height-default elementor-section-height-default\" data-id=\"191e29b2\" data-element_type=\"section\" data-e-type=\"section\" data-settings=\"{&quot;background_background&quot;:&quot;classic&quot;}\">\n\t\t\t\t\t\t<div class=\"elementor-container elementor-column-gap-no\">\n\t\t\t\t\t<div class=\"elementor-column elementor-col-100 elementor-top-column elementor-element elementor-element-985094c\" data-id=\"985094c\" data-element_type=\"column\" data-e-type=\"column\">\n\t\t\t<div class=\"elementor-widget-wrap elementor-element-populated\">\n\t\t\t\t\t\t<div class=\"elementor-element elementor-element-d7a93e6 elementor-widget elementor-widget-wpforms\" data-id=\"d7a93e6\" data-element_type=\"widget\" data-e-type=\"widget\" data-widget_type=\"wpforms.default\">\n\t\t\t\t<div class=\"elementor-widget-container\">\n\t\t\t\t\t<div class=\"wpforms-container \" id=\"wpforms-4646\"><form id=\"wpforms-form-4646\" class=\"wpforms-validate wpforms-form wpforms-ajax-form\" data-formid=\"4646\" method=\"post\" enctype=\"multipart\/form-data\" action=\"\/es\/wp-json\/wp\/v2\/pages\/4628\" data-token=\"63fe1dcb143f9b020dc25454f264efd5\" data-token-time=\"1776008485\"><noscript class=\"wpforms-error-noscript\">Por favor, activa JavaScript en tu navegador para completar este formulario.<\/noscript><div class=\"wpforms-field-container\"><div id=\"wpforms-4646-field_13-container\" class=\"wpforms-field wpforms-field-name\" data-field-id=\"13\"><label class=\"wpforms-field-label\">Identit\u00e9 <span class=\"wpforms-required-label\">*<\/span><\/label><div class=\"wpforms-field-row wpforms-field-medium\"><div class=\"wpforms-field-row-block wpforms-first wpforms-one-half\"><input type=\"text\" id=\"wpforms-4646-field_13\" class=\"wpforms-field-name-first wpforms-field-required\" name=\"wpforms[fields][13][first]\" required><label for=\"wpforms-4646-field_13\" class=\"wpforms-field-sublabel after\">Nombre<\/label><\/div><div class=\"wpforms-field-row-block wpforms-one-half\"><input type=\"text\" id=\"wpforms-4646-field_13-last\" class=\"wpforms-field-name-last wpforms-field-required\" name=\"wpforms[fields][13][last]\" required><label for=\"wpforms-4646-field_13-last\" class=\"wpforms-field-sublabel after\">Apellidos<\/label><\/div><\/div><\/div><div id=\"wpforms-4646-field_14-container\" class=\"wpforms-field wpforms-field-email\" data-field-id=\"14\"><label class=\"wpforms-field-label\" for=\"wpforms-4646-field_14\">E-mail <span class=\"wpforms-required-label\">*<\/span><\/label><input type=\"email\" id=\"wpforms-4646-field_14\" class=\"wpforms-field-medium wpforms-field-required\" name=\"wpforms[fields][14]\" spellcheck=\"false\" required><div class=\"wpforms-field-description\">Cette adresse mail sera utilis\u00e9e pour rentrer en contact avec vous.<\/div><\/div><div id=\"wpforms-4646-field_15-container\" class=\"wpforms-field wpforms-field-phone\" data-field-id=\"15\"><label class=\"wpforms-field-label\" for=\"wpforms-4646-field_15\">T\u00e9l\u00e9phone<\/label><input type=\"tel\" id=\"wpforms-4646-field_15\" class=\"wpforms-field-medium wpforms-smart-phone-field\" data-rule-smart-phone-field=\"true\" name=\"wpforms[fields][15]\" aria-label=\"T\u00e9l\u00e9phone\" ><\/div><div id=\"wpforms-4646-field_7-container\" class=\"wpforms-field wpforms-field-checkbox\" data-field-id=\"7\"><label class=\"wpforms-field-label\">1. Dans quel secteur d\u2019activit\u00e9 exercez-vous ?<\/label><ul id=\"wpforms-4646-field_7\"><li class=\"choice-1 depth-1\"><input type=\"checkbox\" id=\"wpforms-4646-field_7_1\" name=\"wpforms[fields][7][]\" value=\"Industrie agroalimentaire\"  ><label class=\"wpforms-field-label-inline\" for=\"wpforms-4646-field_7_1\">Industrie agroalimentaire<\/label><\/li><li class=\"choice-2 depth-1\"><input type=\"checkbox\" id=\"wpforms-4646-field_7_2\" name=\"wpforms[fields][7][]\" value=\"M\u00e9dical et pharmaceutique\"  ><label class=\"wpforms-field-label-inline\" for=\"wpforms-4646-field_7_2\">M\u00e9dical et pharmaceutique<\/label><\/li><li class=\"choice-3 depth-1\"><input type=\"checkbox\" id=\"wpforms-4646-field_7_3\" name=\"wpforms[fields][7][]\" value=\"H\u00f4tellerie et restauration\"  ><label class=\"wpforms-field-label-inline\" for=\"wpforms-4646-field_7_3\">H\u00f4tellerie et restauration<\/label><\/li><li class=\"choice-4 depth-1\"><input type=\"checkbox\" id=\"wpforms-4646-field_7_4\" name=\"wpforms[fields][7][]\" value=\"Agriculture et \u00e9levage\"  ><label class=\"wpforms-field-label-inline\" for=\"wpforms-4646-field_7_4\">Agriculture et \u00e9levage<\/label><\/li><li class=\"choice-5 depth-1\"><input type=\"checkbox\" id=\"wpforms-4646-field_7_5\" name=\"wpforms[fields][7][]\" value=\"Collectivit\u00e9s et services publics\"  ><label class=\"wpforms-field-label-inline\" for=\"wpforms-4646-field_7_5\">Collectivit\u00e9s et services publics<\/label><\/li><li class=\"choice-6 depth-1\"><input type=\"checkbox\" id=\"wpforms-4646-field_7_6\" name=\"wpforms[fields][7][]\" value=\"Autre (\u00e0 pr\u00e9ciser)\"  ><label class=\"wpforms-field-label-inline\" for=\"wpforms-4646-field_7_6\">Autre (\u00e0 pr\u00e9ciser)<\/label><\/li><\/ul><\/div><div id=\"wpforms-4646-field_8-container\" class=\"wpforms-field wpforms-field-checkbox\" data-field-id=\"8\"><label class=\"wpforms-field-label\">Quelle est l\u2019origine de l\u2019eau que vous souhaitez traiter ?<\/label><ul id=\"wpforms-4646-field_8\"><li class=\"choice-1 depth-1\"><input type=\"checkbox\" id=\"wpforms-4646-field_8_1\" name=\"wpforms[fields][8][]\" value=\"Eau de mer\"  ><label class=\"wpforms-field-label-inline\" for=\"wpforms-4646-field_8_1\">Eau de mer<\/label><\/li><li class=\"choice-7 depth-1\"><input type=\"checkbox\" id=\"wpforms-4646-field_8_7\" name=\"wpforms[fields][8][]\" value=\"Eau saum\u00e2tre\"  ><label class=\"wpforms-field-label-inline\" for=\"wpforms-4646-field_8_7\">Eau saum\u00e2tre<\/label><\/li><li class=\"choice-8 depth-1\"><input type=\"checkbox\" id=\"wpforms-4646-field_8_8\" name=\"wpforms[fields][8][]\" value=\"Eau de forage\"  ><label class=\"wpforms-field-label-inline\" for=\"wpforms-4646-field_8_8\">Eau de forage<\/label><\/li><li class=\"choice-9 depth-1\"><input type=\"checkbox\" id=\"wpforms-4646-field_8_9\" name=\"wpforms[fields][8][]\" value=\"Eau municipale\"  ><label class=\"wpforms-field-label-inline\" for=\"wpforms-4646-field_8_9\">Eau municipale<\/label><\/li><li class=\"choice-10 depth-1\"><input type=\"checkbox\" id=\"wpforms-4646-field_8_10\" name=\"wpforms[fields][8][]\" value=\"Autre (\u00e0 pr\u00e9ciser)\"  ><label class=\"wpforms-field-label-inline\" for=\"wpforms-4646-field_8_10\">Autre (\u00e0 pr\u00e9ciser)<\/label><\/li><\/ul><\/div><div id=\"wpforms-4646-field_9-container\" class=\"wpforms-field wpforms-field-checkbox\" data-field-id=\"9\"><label class=\"wpforms-field-label\">Quel est l\u2019\u00e9tat actuel de votre eau ?<\/label><ul id=\"wpforms-4646-field_9\"><li class=\"choice-1 depth-1\"><input type=\"checkbox\" id=\"wpforms-4646-field_9_1\" name=\"wpforms[fields][9][]\" value=\"Eau non potable (salinit\u00e9 \u00e9lev\u00e9e, contaminants organiques)\"  ><label class=\"wpforms-field-label-inline\" for=\"wpforms-4646-field_9_1\">Eau non potable (salinit\u00e9 \u00e9lev\u00e9e, contaminants organiques)<\/label><\/li><li class=\"choice-10 depth-1\"><input type=\"checkbox\" id=\"wpforms-4646-field_9_10\" name=\"wpforms[fields][9][]\" value=\"Eau potable mais n\u00e9cessitant une filtration suppl\u00e9mentaire\"  ><label class=\"wpforms-field-label-inline\" for=\"wpforms-4646-field_9_10\">Eau potable mais n\u00e9cessitant une filtration suppl\u00e9mentaire<\/label><\/li><li class=\"choice-11 depth-1\"><input type=\"checkbox\" id=\"wpforms-4646-field_9_11\" name=\"wpforms[fields][9][]\" value=\"Eau d\u00e9j\u00e0 trait\u00e9e mais n\u00e9cessitant un perfectionnement\"  ><label class=\"wpforms-field-label-inline\" for=\"wpforms-4646-field_9_11\">Eau d\u00e9j\u00e0 trait\u00e9e mais n\u00e9cessitant un perfectionnement<\/label><\/li><li class=\"choice-12 depth-1\"><input type=\"checkbox\" id=\"wpforms-4646-field_9_12\" name=\"wpforms[fields][9][]\" value=\"Je ne sais pas\"  ><label class=\"wpforms-field-label-inline\" for=\"wpforms-4646-field_9_12\">Je ne sais pas<\/label><\/li><\/ul><\/div><div id=\"wpforms-4646-field_10-container\" class=\"wpforms-field wpforms-field-checkbox\" data-field-id=\"10\"><label class=\"wpforms-field-label\">Pour quels besoins souhaitez-vous utiliser cette eau ?<\/label><ul id=\"wpforms-4646-field_10\"><li class=\"choice-1 depth-1\"><input type=\"checkbox\" id=\"wpforms-4646-field_10_1\" name=\"wpforms[fields][10][]\" value=\"Consommation humaine (eau potable)\"  ><label class=\"wpforms-field-label-inline\" for=\"wpforms-4646-field_10_1\">Consommation humaine (eau potable)<\/label><\/li><li class=\"choice-13 depth-1\"><input type=\"checkbox\" id=\"wpforms-4646-field_10_13\" name=\"wpforms[fields][10][]\" value=\"Process industriels ou agroalimentaires\"  ><label class=\"wpforms-field-label-inline\" for=\"wpforms-4646-field_10_13\">Process industriels ou agroalimentaires<\/label><\/li><li class=\"choice-14 depth-1\"><input type=\"checkbox\" id=\"wpforms-4646-field_10_14\" name=\"wpforms[fields][10][]\" value=\"Irrigation ou \u00e9levage\"  ><label class=\"wpforms-field-label-inline\" for=\"wpforms-4646-field_10_14\">Irrigation ou \u00e9levage<\/label><\/li><li class=\"choice-15 depth-1\"><input type=\"checkbox\" id=\"wpforms-4646-field_10_15\" name=\"wpforms[fields][10][]\" value=\"Nettoyage ou entretien\"  ><label class=\"wpforms-field-label-inline\" for=\"wpforms-4646-field_10_15\">Nettoyage ou entretien<\/label><\/li><li class=\"choice-16 depth-1\"><input type=\"checkbox\" id=\"wpforms-4646-field_10_16\" name=\"wpforms[fields][10][]\" value=\"Autre (\u00e0 pr\u00e9ciser)\"  ><label class=\"wpforms-field-label-inline\" for=\"wpforms-4646-field_10_16\">Autre (\u00e0 pr\u00e9ciser)<\/label><\/li><\/ul><\/div><div id=\"wpforms-4646-field_11-container\" class=\"wpforms-field wpforms-field-checkbox\" data-field-id=\"11\"><label class=\"wpforms-field-label\">Quel volume d\u2019eau utilisez-vous en moyenne par mois ?<\/label><ul id=\"wpforms-4646-field_11\"><li class=\"choice-1 depth-1\"><input type=\"checkbox\" id=\"wpforms-4646-field_11_1\" name=\"wpforms[fields][11][]\" value=\"Moins de 10 000 litres\"  ><label class=\"wpforms-field-label-inline\" for=\"wpforms-4646-field_11_1\">Moins de 10 000 litres<\/label><\/li><li class=\"choice-13 depth-1\"><input type=\"checkbox\" id=\"wpforms-4646-field_11_13\" name=\"wpforms[fields][11][]\" value=\"Entre 10 000 et 50 000 litres\"  ><label class=\"wpforms-field-label-inline\" for=\"wpforms-4646-field_11_13\">Entre 10 000 et 50 000 litres<\/label><\/li><li class=\"choice-14 depth-1\"><input type=\"checkbox\" id=\"wpforms-4646-field_11_14\" name=\"wpforms[fields][11][]\" value=\"Entre 50 000 et 100 000 litres\"  ><label class=\"wpforms-field-label-inline\" for=\"wpforms-4646-field_11_14\">Entre 50 000 et 100 000 litres<\/label><\/li><li class=\"choice-15 depth-1\"><input type=\"checkbox\" id=\"wpforms-4646-field_11_15\" name=\"wpforms[fields][11][]\" value=\"Plus de 100 000 litres\"  ><label class=\"wpforms-field-label-inline\" for=\"wpforms-4646-field_11_15\">Plus de 100 000 litres<\/label><\/li><\/ul><\/div><div id=\"wpforms-4646-field_12-container\" class=\"wpforms-field wpforms-field-checkbox\" data-field-id=\"12\"><label class=\"wpforms-field-label\">Disposez-vous d\u2019une arriv\u00e9e d\u2019eau existante sur votre site ?<\/label><ul id=\"wpforms-4646-field_12\"><li class=\"choice-1 depth-1\"><input type=\"checkbox\" id=\"wpforms-4646-field_12_1\" name=\"wpforms[fields][12][]\" value=\"Oui, eau municipale\"  ><label class=\"wpforms-field-label-inline\" for=\"wpforms-4646-field_12_1\">Oui, eau municipale<\/label><\/li><li class=\"choice-15 depth-1\"><input type=\"checkbox\" id=\"wpforms-4646-field_12_15\" name=\"wpforms[fields][12][]\" value=\"Oui, eau de forage\"  ><label class=\"wpforms-field-label-inline\" for=\"wpforms-4646-field_12_15\">Oui, eau de forage<\/label><\/li><li class=\"choice-17 depth-1\"><input type=\"checkbox\" id=\"wpforms-4646-field_12_17\" name=\"wpforms[fields][12][]\" value=\"Non, aucune arriv\u00e9e d\u2019eau existante\"  ><label class=\"wpforms-field-label-inline\" for=\"wpforms-4646-field_12_17\">Non, aucune arriv\u00e9e d\u2019eau existante<\/label><\/li><\/ul><\/div><\/div><!-- .wpforms-field-container --><div class=\"wpforms-recaptcha-container wpforms-is-recaptcha wpforms-is-recaptcha-type-v3\" ><input type=\"hidden\" name=\"wpforms[recaptcha]\" value=\"\"><\/div><div class=\"wpforms-submit-container\" ><input type=\"hidden\" name=\"wpforms[id]\" value=\"4646\"><input type=\"hidden\" name=\"page_title\" value=\"\"><input type=\"hidden\" name=\"page_url\" value=\"https:\/\/jmc-technologies.com\/es\/wp-json\/wp\/v2\/pages\/4628\"><input type=\"hidden\" name=\"url_referer\" value=\"\"><button type=\"submit\" name=\"wpforms[submit]\" id=\"wpforms-submit-4646\" class=\"wpforms-submit\" data-alt-text=\"Envoi...\" data-submit-text=\"Envoyer le questionnaire\" aria-live=\"assertive\" value=\"wpforms-submit\">Envoyer le questionnaire<\/button><img decoding=\"async\" src=\"https:\/\/jmc-technologies.com\/wp-content\/plugins\/wpforms\/assets\/images\/submit-spin.svg\" class=\"wpforms-submit-spinner\" style=\"display: none;\" width=\"26\" height=\"26\" alt=\"Cargando\" title=\"\"><\/div><\/form><\/div>  <!-- .wpforms-container -->\t\t\t\t<\/div>\n\t\t\t\t<\/div>\n\t\t\t\t\t<\/div>\n\t\t<\/div>\n\t\t\t\t\t<\/div>\n\t\t<\/section>\n\t\t\t\t<\/div>\n\t\t","protected":false},"excerpt":{"rendered":"<p>D\u00e9crivez vos besoins pour l&rsquo;\u00e9tude de votre dossier.. Nous savons que chaque professionnel a des besoins uniques en mati\u00e8re de traitement de l\u2019eau. Pour vous proposer une solution parfaitement adapt\u00e9e, nous avons con\u00e7u ce questionnaire simple et rapide. Vos r\u00e9ponses seront analys\u00e9es par nos experts afin de concevoir une proposition personnalis\u00e9e, qu\u2019il s\u2019agisse de syst\u00e8mes [&hellip;]<\/p>\n","protected":false},"author":2,"featured_media":4421,"parent":4398,"menu_order":0,"comment_status":"closed","ping_status":"closed","template":"","meta":{"_monsterinsights_skip_tracking":false,"_monsterinsights_sitenote_active":false,"_monsterinsights_sitenote_note":"","_monsterinsights_sitenote_category":0,"site-sidebar-layout":"no-sidebar","site-content-layout":null,"ast-site-content-layout":"full-width-container","site-content-style":"unboxed","site-sidebar-style":"unboxed","ast-global-header-display":"","ast-banner-title-visibility":"","ast-main-header-display":"","ast-hfb-above-header-display":"","ast-hfb-below-header-display":null,"ast-hfb-mobile-header-display":"","site-post-title":"disabled","ast-breadcrumbs-content":null,"ast-featured-img":"","footer-sml-layout":null,"theme-transparent-header-meta":"enabled","adv-header-id-meta":"","stick-header-meta":"","header-above-stick-meta":"","header-main-stick-meta":"","header-below-stick-meta":null,"astra-migrate-meta-layouts":"set","ast-page-background-enabled":"default","ast-page-background-meta":{"desktop":{"background-color":"","background-image":"","background-repeat":"repeat","background-position":"center center","background-size":"auto","background-attachment":"scroll","background-type":"","background-media":"","overlay-type":"","overlay-color":"","overlay-opacity":"","overlay-gradient":""},"tablet":{"background-color":"","background-image":"","background-repeat":"repeat","background-position":"center center","background-size":"auto","background-attachment":"scroll","background-type":"","background-media":"","overlay-type":"","overlay-color":"","overlay-opacity":"","overlay-gradient":""},"mobile":{"background-color":"","background-image":"","background-repeat":"repeat","background-position":"center center","background-size":"auto","background-attachment":"scroll","background-type":"","background-media":"","overlay-type":"","overlay-color":"","overlay-opacity":"","overlay-gradient":""}},"ast-content-background-meta":{"desktop":{"background-color":"var(--ast-global-color-5)","background-image":"","background-repeat":"repeat","background-position":"center center","background-size":"auto","background-attachment":"scroll","background-type":"","background-media":"","overlay-type":"","overlay-color":"","overlay-opacity":"","overlay-gradient":""},"tablet":{"background-color":"var(--ast-global-color-5)","background-image":"","background-repeat":"repeat","background-position":"center center","background-size":"auto","background-attachment":"scroll","background-type":"","background-media":"","overlay-type":"","overlay-color":"","overlay-opacity":"","overlay-gradient":""},"mobile":{"background-color":"var(--ast-global-color-5)","background-image":"","background-repeat":"repeat","background-position":"center center","background-size":"auto","background-attachment":"scroll","background-type":"","background-media":"","overlay-type":"","overlay-color":"","overlay-opacity":"","overlay-gradient":""}},"footnotes":""},"class_list":["post-4628","page","type-page","status-publish","has-post-thumbnail","hentry"],"_links":{"self":[{"href":"https:\/\/jmc-technologies.com\/es\/wp-json\/wp\/v2\/pages\/4628","targetHints":{"allow":["GET"]}}],"collection":[{"href":"https:\/\/jmc-technologies.com\/es\/wp-json\/wp\/v2\/pages"}],"about":[{"href":"https:\/\/jmc-technologies.com\/es\/wp-json\/wp\/v2\/types\/page"}],"author":[{"embeddable":true,"href":"https:\/\/jmc-technologies.com\/es\/wp-json\/wp\/v2\/users\/2"}],"replies":[{"embeddable":true,"href":"https:\/\/jmc-technologies.com\/es\/wp-json\/wp\/v2\/comments?post=4628"}],"version-history":[{"count":0,"href":"https:\/\/jmc-technologies.com\/es\/wp-json\/wp\/v2\/pages\/4628\/revisions"}],"up":[{"embeddable":true,"href":"https:\/\/jmc-technologies.com\/es\/wp-json\/wp\/v2\/pages\/4398"}],"wp:featuredmedia":[{"embeddable":true,"href":"https:\/\/jmc-technologies.com\/es\/wp-json\/wp\/v2\/media\/4421"}],"wp:attachment":[{"href":"https:\/\/jmc-technologies.com\/es\/wp-json\/wp\/v2\/media?parent=4628"}],"curies":[{"name":"wp","href":"https:\/\/api.w.org\/{rel}","templated":true}]}}