{"id":4876,"date":"2025-01-16T10:45:19","date_gmt":"2025-01-16T09:45:19","guid":{"rendered":"https:\/\/jmc-technologies.com\/?post_type=product&#038;p=4876"},"modified":"2025-09-13T19:55:31","modified_gmt":"2025-09-13T17:55:31","slug":"oro-202-s","status":"publish","type":"product","link":"https:\/\/jmc-technologies.com\/es\/produit\/oro-202-s\/","title":{"rendered":"O'RO 202 S"},"content":{"rendered":"<p><strong>O'RO 202 S <\/strong><\/p>\n<p><strong>Sistema de filtraci\u00f3n bajo el fregadero<\/strong><\/p>\n<p>Sistema de \u00f3smosis inversa inteligente y compacto con bomba de presi\u00f3n integrada y recipiente de 5 litros.<\/p>\n<p>Limpiafondos de \u00f3smosis inversa inteligente y totalmente autom\u00e1tico con un recipiente innovador que ofrece un vaciado extremadamente r\u00e1pido y con pocas p\u00e9rdidas. Ajuste autom\u00e1tico para la m\u00e1xima recuperaci\u00f3n de agua limpia. Optimiza el contenido de calcio y magnesio, en funci\u00f3n de la dureza del agua original.<\/p>\n<p><strong data-redactor-tag=\"strong\">O' RO-202S<\/strong>\u00a0hace que el agua sea deliciosa y segura Agua suave y sin olores, sea cual sea la calidad inicial del agua. Requiere s\u00f3lo un tercio del espacio del fregadero de los sistemas de \u00f3smosis inversa convencionales.<\/p>\n<p><strong data-redactor-tag=\"strong\">O'RO-202S opciones adicionales:<\/strong><\/p>\n<p>bomba de presi\u00f3n el\u00e9ctrica integrada para un funcionamiento eficaz con baja presi\u00f3n de agua del grifo<\/p>\n<p>La bomba de presi\u00f3n integrada garantiza un flujo de agua r\u00e1pido y limpio desde el grifo<\/p>\n<p>- recordatorio autom\u00e1tico con indicador luminoso y sonoro para controlar el cambio de filtro a tiempo<\/p>\n<div>Protecci\u00f3n contra virus y bacterias en\u00a0<strong data-redactor-tag=\"strong\">99,9%<\/strong><\/div>\n<div>Dep\u00f3sito de agua limpio:<strong data-redactor-tag=\"strong\">\u00a05 L<\/strong><\/div>\n<div>Ventajas :<\/div>\n<div><\/div>\n<div>- Protecci\u00f3n contra bacterias, virus y microbios<\/div>\n<div>Organizaciones.<\/div>\n<div>- Productividad: 380 L \/ d\u00eda (100 Galones). Bomba de alta presi\u00f3n incorporada para una m\u00e1xima eficiencia.<\/div>\n<div>Dimensiones: 411 \u00d7 486 \u00d7 195 mm<\/div>\n<div>Peso neto: 12 kg<\/div>\n<div><\/div>\n<div><\/div>\n<div>El primer sistema de filtraci\u00f3n de agua<\/div>\n<div>con control inteligente<\/div>\n<div>- Control inform\u00e1tico del agua de descarga.<\/div>\n<div>- Indicadores luminosos y ac\u00fasticos de vida \u00fatil del cartucho.<\/div>\n<div>- Mineralizaci\u00f3n del agua con magnesio Mg2+.<\/div>\n<div>- Dep\u00f3sito de 5 litros.<\/div>\n<div>- El dispositivo O'RO 202S puede conectarse a otros dispositivos<\/div>\n<p>como m\u00e1quinas de hielo, cafeteras, etc.<\/p>","protected":false},"excerpt":{"rendered":"<p>O&rsquo;RO 202 S Syst\u00e8me filtration sous \u00e9vier Syst\u00e8me d&rsquo;osmose inverse intelligent et compact avec pompe \u00e0 pression int\u00e9gr\u00e9e et r\u00e9cipient de 5 litres. Nettoyeur \u00e0 osmose inverse intellectuel et enti\u00e8rement automatique avec un r\u00e9cipient innovant qui offre extr\u00eamement rapide avec une faible perte d&rsquo;eau de vidange. R\u00e9glage automatique pour une r\u00e9cup\u00e9ration maximale de l&rsquo;eau propre. [&hellip;]<\/p>\n","protected":false},"featured_media":4877,"comment_status":"open","ping_status":"closed","template":"","meta":{"_monsterinsights_skip_tracking":false,"_monsterinsights_sitenote_active":false,"_monsterinsights_sitenote_note":"","_monsterinsights_sitenote_category":0,"site-sidebar-layout":"default","site-content-layout":"","ast-site-content-layout":"default","site-content-style":"default","site-sidebar-style":"default","ast-global-header-display":"","ast-banner-title-visibility":"","ast-main-header-display":"","ast-hfb-above-header-display":"","ast-hfb-below-header-display":"","ast-hfb-mobile-header-display":"","site-post-title":"","ast-breadcrumbs-content":"","ast-featured-img":"","footer-sml-layout":"","theme-transparent-header-meta":"default","adv-header-id-meta":"","stick-header-meta":"default","header-above-stick-meta":"","header-main-stick-meta":"","header-below-stick-meta":"","astra-migrate-meta-layouts":"set","ast-page-background-enabled":"default","ast-page-background-meta":{"desktop":{"background-color":"","background-image":"","background-repeat":"repeat","background-position":"center center","background-size":"auto","background-attachment":"scroll","background-type":"","background-media":"","overlay-type":"","overlay-color":"","overlay-opacity":"","overlay-gradient":""},"tablet":{"background-color":"","background-image":"","background-repeat":"repeat","background-position":"center center","background-size":"auto","background-attachment":"scroll","background-type":"","background-media":"","overlay-type":"","overlay-color":"","overlay-opacity":"","overlay-gradient":""},"mobile":{"background-color":"","background-image":"","background-repeat":"repeat","background-position":"center center","background-size":"auto","background-attachment":"scroll","background-type":"","background-media":"","overlay-type":"","overlay-color":"","overlay-opacity":"","overlay-gradient":""}},"ast-content-background-meta":{"desktop":{"background-color":"var(--ast-global-color-5)","background-image":"","background-repeat":"repeat","background-position":"center center","background-size":"auto","background-attachment":"scroll","background-type":"","background-media":"","overlay-type":"","overlay-color":"","overlay-opacity":"","overlay-gradient":""},"tablet":{"background-color":"var(--ast-global-color-5)","background-image":"","background-repeat":"repeat","background-position":"center center","background-size":"auto","background-attachment":"scroll","background-type":"","background-media":"","overlay-type":"","overlay-color":"","overlay-opacity":"","overlay-gradient":""},"mobile":{"background-color":"var(--ast-global-color-5)","background-image":"","background-repeat":"repeat","background-position":"center center","background-size":"auto","background-attachment":"scroll","background-type":"","background-media":"","overlay-type":"","overlay-color":"","overlay-opacity":"","overlay-gradient":""}}},"product_brand":[],"product_cat":[35],"product_tag":[41,40,39],"class_list":{"0":"post-4876","1":"product","2":"type-product","3":"status-publish","4":"has-post-thumbnail","6":"product_cat-filtration-sous-evier","7":"product_tag-collectivite","8":"product_tag-domestique","9":"product_tag-filtration-sous-evier","10":"product_shipping_class-colis-lourds","11":"desktop-align-center","12":"tablet-align-left","13":"mobile-align-left","14":"ast-product-gallery-layout-horizontal-slider","15":"ast-magnify-disabled","16":"ast-product-tabs-layout-horizontal","18":"first","19":"instock","20":"taxable","21":"shipping-taxable","22":"purchasable","23":"product-type-simple"},"_links":{"self":[{"href":"https:\/\/jmc-technologies.com\/es\/wp-json\/wp\/v2\/product\/4876","targetHints":{"allow":["GET"]}}],"collection":[{"href":"https:\/\/jmc-technologies.com\/es\/wp-json\/wp\/v2\/product"}],"about":[{"href":"https:\/\/jmc-technologies.com\/es\/wp-json\/wp\/v2\/types\/product"}],"replies":[{"embeddable":true,"href":"https:\/\/jmc-technologies.com\/es\/wp-json\/wp\/v2\/comments?post=4876"}],"version-history":[{"count":1,"href":"https:\/\/jmc-technologies.com\/es\/wp-json\/wp\/v2\/product\/4876\/revisions"}],"predecessor-version":[{"id":5879,"href":"https:\/\/jmc-technologies.com\/es\/wp-json\/wp\/v2\/product\/4876\/revisions\/5879"}],"wp:featuredmedia":[{"embeddable":true,"href":"https:\/\/jmc-technologies.com\/es\/wp-json\/wp\/v2\/media\/4877"}],"wp:attachment":[{"href":"https:\/\/jmc-technologies.com\/es\/wp-json\/wp\/v2\/media?parent=4876"}],"wp:term":[{"taxonomy":"product_brand","embeddable":true,"href":"https:\/\/jmc-technologies.com\/es\/wp-json\/wp\/v2\/product_brand?post=4876"},{"taxonomy":"product_cat","embeddable":true,"href":"https:\/\/jmc-technologies.com\/es\/wp-json\/wp\/v2\/product_cat?post=4876"},{"taxonomy":"product_tag","embeddable":true,"href":"https:\/\/jmc-technologies.com\/es\/wp-json\/wp\/v2\/product_tag?post=4876"}],"curies":[{"name":"wp","href":"https:\/\/api.w.org\/{rel}","templated":true}]}}