{"id":4881,"date":"2025-01-16T10:45:05","date_gmt":"2025-01-16T09:45:05","guid":{"rendered":"https:\/\/jmc-technologies.com\/?post_type=product&#038;p=4881"},"modified":"2025-11-13T10:48:30","modified_gmt":"2025-11-13T09:48:30","slug":"cartucho-filtrante-oc-j-s","status":"publish","type":"product","link":"https:\/\/jmc-technologies.com\/es\/produit\/cartouche-filtrante-oc-j-s\/","title":{"rendered":"Cartucho filtrante O'C J.S"},"content":{"rendered":"<div class=\"product-heading__title\">\n<div>Para los decantadores J.S 500, este cartucho es f\u00e1cil de sustituir.<\/div>\n<div>\n<div>\n<div>Cartucho filtrante de recambio\u00a0<strong data-redactor-tag=\"strong\">J.SHMIDT 500<\/strong>\u00a0(tambi\u00e9n conocido como JS 500) est\u00e1 dise\u00f1ado para purificar agua potable cuando se instala en un sistema m\u00f3vil de purificaci\u00f3n de agua.\u00a0<strong data-redactor-tag=\"strong\">J.SHMIDT 500<\/strong><\/div>\n<div>Le da acceso a agua de calidad en la comodidad de su propia casa, permiti\u00e9ndole filtrar hasta 500L de agua sin s\u00f3lidos en suspensi\u00f3n, \u00a1hidratando su cuerpo!<\/div>\n<\/div>\n<p>&nbsp;<\/p>\n<div>\n<h2>Protecci\u00f3n vers\u00e1til contra las amenazas transmitidas por el agua<\/h2>\n<div>\n<p>Reduce los contaminantes habituales del agua del grifo, como el cloro, los compuestos org\u00e1nicos, los metales pesados, las bacterias y los fenoles.<\/p>\n<\/div>\n<\/div>\n<\/div>\n<\/div>\n<div class=\"productControlsContainer product-heading__controls\">\n<div class=\"btn-group add-new-product\"><\/div>\n<\/div>","protected":false},"excerpt":{"rendered":"<p>El cartucho filtrante de repuesto JS 500 ofrece una purificaci\u00f3n avanzada del agua del grifo, especialmente dise\u00f1ada para su uso con <a href=\"https:\/\/jmc-technologies.com\/es\/product-2\/jarra-j-s-500\/\">J.S 500 jarras filtrantes<\/a>.<\/p>","protected":false},"featured_media":5103,"comment_status":"open","ping_status":"closed","template":"","meta":{"_monsterinsights_skip_tracking":false,"_monsterinsights_sitenote_active":false,"_monsterinsights_sitenote_note":"","_monsterinsights_sitenote_category":0,"site-sidebar-layout":"default","site-content-layout":"","ast-site-content-layout":"default","site-content-style":"default","site-sidebar-style":"default","ast-global-header-display":"","ast-banner-title-visibility":"","ast-main-header-display":"","ast-hfb-above-header-display":"","ast-hfb-below-header-display":"","ast-hfb-mobile-header-display":"","site-post-title":"","ast-breadcrumbs-content":"","ast-featured-img":"","footer-sml-layout":"","theme-transparent-header-meta":"default","adv-header-id-meta":"","stick-header-meta":"default","header-above-stick-meta":"","header-main-stick-meta":"","header-below-stick-meta":"","astra-migrate-meta-layouts":"set","ast-page-background-enabled":"default","ast-page-background-meta":{"desktop":{"background-color":"","background-image":"","background-repeat":"repeat","background-position":"center center","background-size":"auto","background-attachment":"scroll","background-type":"","background-media":"","overlay-type":"","overlay-color":"","overlay-opacity":"","overlay-gradient":""},"tablet":{"background-color":"","background-image":"","background-repeat":"repeat","background-position":"center center","background-size":"auto","background-attachment":"scroll","background-type":"","background-media":"","overlay-type":"","overlay-color":"","overlay-opacity":"","overlay-gradient":""},"mobile":{"background-color":"","background-image":"","background-repeat":"repeat","background-position":"center center","background-size":"auto","background-attachment":"scroll","background-type":"","background-media":"","overlay-type":"","overlay-color":"","overlay-opacity":"","overlay-gradient":""}},"ast-content-background-meta":{"desktop":{"background-color":"var(--ast-global-color-5)","background-image":"","background-repeat":"repeat","background-position":"center center","background-size":"auto","background-attachment":"scroll","background-type":"","background-media":"","overlay-type":"","overlay-color":"","overlay-opacity":"","overlay-gradient":""},"tablet":{"background-color":"var(--ast-global-color-5)","background-image":"","background-repeat":"repeat","background-position":"center center","background-size":"auto","background-attachment":"scroll","background-type":"","background-media":"","overlay-type":"","overlay-color":"","overlay-opacity":"","overlay-gradient":""},"mobile":{"background-color":"var(--ast-global-color-5)","background-image":"","background-repeat":"repeat","background-position":"center center","background-size":"auto","background-attachment":"scroll","background-type":"","background-media":"","overlay-type":"","overlay-color":"","overlay-opacity":"","overlay-gradient":""}}},"product_brand":[],"product_cat":[36,29],"product_tag":[42],"class_list":{"0":"post-4881","1":"product","2":"type-product","3":"status-publish","4":"has-post-thumbnail","6":"product_cat-cartouche-filtrante","7":"product_cat-carafe-filtrante","8":"product_tag-cartouche-filtrante-oc-j-s","9":"product_shipping_class-colis-lege","10":"desktop-align-center","11":"tablet-align-left","12":"mobile-align-left","13":"ast-product-gallery-layout-horizontal-slider","14":"ast-magnify-disabled","15":"ast-product-tabs-layout-horizontal","17":"first","18":"onbackorder","19":"taxable","20":"shipping-taxable","21":"purchasable","22":"product-type-simple"},"_links":{"self":[{"href":"https:\/\/jmc-technologies.com\/es\/wp-json\/wp\/v2\/product\/4881","targetHints":{"allow":["GET"]}}],"collection":[{"href":"https:\/\/jmc-technologies.com\/es\/wp-json\/wp\/v2\/product"}],"about":[{"href":"https:\/\/jmc-technologies.com\/es\/wp-json\/wp\/v2\/types\/product"}],"replies":[{"embeddable":true,"href":"https:\/\/jmc-technologies.com\/es\/wp-json\/wp\/v2\/comments?post=4881"}],"version-history":[{"count":1,"href":"https:\/\/jmc-technologies.com\/es\/wp-json\/wp\/v2\/product\/4881\/revisions"}],"predecessor-version":[{"id":5106,"href":"https:\/\/jmc-technologies.com\/es\/wp-json\/wp\/v2\/product\/4881\/revisions\/5106"}],"wp:featuredmedia":[{"embeddable":true,"href":"https:\/\/jmc-technologies.com\/es\/wp-json\/wp\/v2\/media\/5103"}],"wp:attachment":[{"href":"https:\/\/jmc-technologies.com\/es\/wp-json\/wp\/v2\/media?parent=4881"}],"wp:term":[{"taxonomy":"product_brand","embeddable":true,"href":"https:\/\/jmc-technologies.com\/es\/wp-json\/wp\/v2\/product_brand?post=4881"},{"taxonomy":"product_cat","embeddable":true,"href":"https:\/\/jmc-technologies.com\/es\/wp-json\/wp\/v2\/product_cat?post=4881"},{"taxonomy":"product_tag","embeddable":true,"href":"https:\/\/jmc-technologies.com\/es\/wp-json\/wp\/v2\/product_tag?post=4881"}],"curies":[{"name":"wp","href":"https:\/\/api.w.org\/{rel}","templated":true}]}}