{"id":5120,"date":"2025-01-16T21:12:05","date_gmt":"2025-01-16T20:12:05","guid":{"rendered":"https:\/\/jmc-technologies.com\/?post_type=product&#038;p=5120"},"modified":"2025-05-27T19:54:44","modified_gmt":"2025-05-27T17:54:44","slug":"opur-viking-pro-midi","status":"publish","type":"product","link":"https:\/\/jmc-technologies.com\/es\/produit\/opur-viking-pro-midi\/","title":{"rendered":"O'PUR VIKING Pro Midi"},"content":{"rendered":"<p>La caja es f\u00e1cil de instalar. Dispone de racores r\u00e1pidos para facilitar el mantenimiento. No se necesitan herramientas para sustituir los cartuchos.<\/p>\n<p>O'PUR VIKING Pro Midi est\u00e1 fabricado con pl\u00e1stico resistente. Su carcasa de paredes gruesas y duraderas resiste las ca\u00eddas de presi\u00f3n. Probado a presiones de 30 bar.<\/p>\n<p>Seg\u00fan el tipo de cartucho, el nivel de purificaci\u00f3n del agua var\u00eda desde la prefiltraci\u00f3n mec\u00e1nica para el ba\u00f1o y el aseo dom\u00e9stico hasta la filtraci\u00f3n de agua potable.<\/p>","protected":false},"excerpt":{"rendered":"<p>O'PUR VIKING Pro Midi es una carcasa de filtro de alta resistencia utilizada para el tratamiento de agua fr\u00eda. Es adecuada para una amplia gama de aplicaciones, incluido el tratamiento de agua de toda la vivienda.<\/p>","protected":false},"featured_media":5121,"comment_status":"open","ping_status":"closed","template":"","meta":{"_monsterinsights_skip_tracking":false,"_monsterinsights_sitenote_active":false,"_monsterinsights_sitenote_note":"","_monsterinsights_sitenote_category":0,"site-sidebar-layout":"default","site-content-layout":"","ast-site-content-layout":"default","site-content-style":"default","site-sidebar-style":"default","ast-global-header-display":"","ast-banner-title-visibility":"","ast-main-header-display":"","ast-hfb-above-header-display":"","ast-hfb-below-header-display":"","ast-hfb-mobile-header-display":"","site-post-title":"","ast-breadcrumbs-content":"","ast-featured-img":"","footer-sml-layout":"","theme-transparent-header-meta":"default","adv-header-id-meta":"","stick-header-meta":"default","header-above-stick-meta":"","header-main-stick-meta":"","header-below-stick-meta":"","astra-migrate-meta-layouts":"set","ast-page-background-enabled":"default","ast-page-background-meta":{"desktop":{"background-color":"","background-image":"","background-repeat":"repeat","background-position":"center center","background-size":"auto","background-attachment":"scroll","background-type":"","background-media":"","overlay-type":"","overlay-color":"","overlay-opacity":"","overlay-gradient":""},"tablet":{"background-color":"","background-image":"","background-repeat":"repeat","background-position":"center center","background-size":"auto","background-attachment":"scroll","background-type":"","background-media":"","overlay-type":"","overlay-color":"","overlay-opacity":"","overlay-gradient":""},"mobile":{"background-color":"","background-image":"","background-repeat":"repeat","background-position":"center center","background-size":"auto","background-attachment":"scroll","background-type":"","background-media":"","overlay-type":"","overlay-color":"","overlay-opacity":"","overlay-gradient":""}},"ast-content-background-meta":{"desktop":{"background-color":"var(--ast-global-color-5)","background-image":"","background-repeat":"repeat","background-position":"center center","background-size":"auto","background-attachment":"scroll","background-type":"","background-media":"","overlay-type":"","overlay-color":"","overlay-opacity":"","overlay-gradient":""},"tablet":{"background-color":"var(--ast-global-color-5)","background-image":"","background-repeat":"repeat","background-position":"center center","background-size":"auto","background-attachment":"scroll","background-type":"","background-media":"","overlay-type":"","overlay-color":"","overlay-opacity":"","overlay-gradient":""},"mobile":{"background-color":"var(--ast-global-color-5)","background-image":"","background-repeat":"repeat","background-position":"center center","background-size":"auto","background-attachment":"scroll","background-type":"","background-media":"","overlay-type":"","overlay-color":"","overlay-opacity":"","overlay-gradient":""}}},"product_brand":[],"product_cat":[46],"product_tag":[],"class_list":{"0":"post-5120","1":"product","2":"type-product","3":"status-publish","4":"has-post-thumbnail","6":"product_cat-filtration-integrale-domestique","7":"product_shipping_class-colis-moyens","8":"desktop-align-center","9":"tablet-align-left","10":"mobile-align-left","11":"ast-product-gallery-layout-horizontal-slider","12":"ast-magnify-disabled","13":"ast-product-tabs-layout-horizontal","15":"first","16":"instock","17":"taxable","18":"shipping-taxable","19":"purchasable","20":"product-type-simple"},"_links":{"self":[{"href":"https:\/\/jmc-technologies.com\/es\/wp-json\/wp\/v2\/product\/5120","targetHints":{"allow":["GET"]}}],"collection":[{"href":"https:\/\/jmc-technologies.com\/es\/wp-json\/wp\/v2\/product"}],"about":[{"href":"https:\/\/jmc-technologies.com\/es\/wp-json\/wp\/v2\/types\/product"}],"replies":[{"embeddable":true,"href":"https:\/\/jmc-technologies.com\/es\/wp-json\/wp\/v2\/comments?post=5120"}],"version-history":[{"count":0,"href":"https:\/\/jmc-technologies.com\/es\/wp-json\/wp\/v2\/product\/5120\/revisions"}],"wp:featuredmedia":[{"embeddable":true,"href":"https:\/\/jmc-technologies.com\/es\/wp-json\/wp\/v2\/media\/5121"}],"wp:attachment":[{"href":"https:\/\/jmc-technologies.com\/es\/wp-json\/wp\/v2\/media?parent=5120"}],"wp:term":[{"taxonomy":"product_brand","embeddable":true,"href":"https:\/\/jmc-technologies.com\/es\/wp-json\/wp\/v2\/product_brand?post=5120"},{"taxonomy":"product_cat","embeddable":true,"href":"https:\/\/jmc-technologies.com\/es\/wp-json\/wp\/v2\/product_cat?post=5120"},{"taxonomy":"product_tag","embeddable":true,"href":"https:\/\/jmc-technologies.com\/es\/wp-json\/wp\/v2\/product_tag?post=5120"}],"curies":[{"name":"wp","href":"https:\/\/api.w.org\/{rel}","templated":true}]}}