{"id":5216,"date":"2025-01-31T18:14:43","date_gmt":"2025-01-31T17:14:43","guid":{"rendered":"https:\/\/jmc-technologies.com\/?post_type=product&#038;p=5216"},"modified":"2025-02-03T11:13:49","modified_gmt":"2025-02-03T10:13:49","slug":"oro-120-un","status":"publish","type":"product","link":"https:\/\/jmc-technologies.com\/es\/produit\/oro-120-un\/","title":{"rendered":"O'RO 120 ONU"},"content":{"rendered":"<p><b>APRO 120 ONU<\/b><span style=\"font-weight: 400;\"> es una estaci\u00f3n de purificaci\u00f3n de agua port\u00e1til. Proporciona agua potable de alta calidad en condiciones extremas con acceso limitado a la electricidad:<\/span><\/p>\n<p><span style=\"font-weight: 400;\">\u00d8 Situaciones de emergencia sin acceso a agua potable <\/span><span style=\"font-weight: 400;\">(barco, cobertizo para botes, etc.), <\/span><span style=\"font-weight: 400;\">Caba\u00f1as de verano<\/span><\/p>\n<p><span style=\"font-weight: 400;\">Gran eficiencia energ\u00e9tica y apto para todas las fuentes de energ\u00eda<\/span><\/p>\n<p><span style=\"font-weight: 400;\">La tecnolog\u00eda patentada de consumo ultrabajo ahorra hasta 50% de energ\u00eda y permite cualquier fuente de alimentaci\u00f3n: un peque\u00f1o panel solar, una bater\u00eda de coche (con un adaptador), una red el\u00e9ctrica (CC).<\/span><\/p>\n<p><span style=\"font-weight: 400;\">Remineralizaci\u00f3n inteligente para un agua sabrosa y saludable.<\/span><\/p>\n<p><span style=\"font-weight: 400;\">El sistema inteligente de remineralizaci\u00f3n garantiza el equilibrio \u00f3ptimo de minerales, proporcionando un agua sana y sabrosa.<\/span><\/p>\n<p><strong>Plug&amp;Play<\/strong><\/p>\n<p><span style=\"font-weight: 400;\">F\u00e1cil mantenimiento y manejo sencillo. Sin necesidad de personal altamente cualificado<\/span><\/p>\n<p><span style=\"font-weight: 400;\">Se necesita menos antiescalar<\/span><\/p>\n<p><span style=\"font-weight: 400;\">El cartucho de prefiltraci\u00f3n patentado (Viking Pro-H) con efecto antical reduce la demanda de antiincrustante.<\/span><\/p>\n<p><b>Equipamiento del sistema<\/b><\/p>\n<p><span style=\"font-weight: 400;\">2 Bomba de alimentaci\u00f3n autocebante con tuber\u00edas de aspiraci\u00f3n y filtro de alimentaci\u00f3n lavable para fuentes de agua abiertas<\/span><span style=\"font-weight: 400;\"><br \/>\n<\/span><span style=\"font-weight: 400;\">Sistema autom\u00e1tico de desinfecci\u00f3n<\/span><span style=\"font-weight: 400;\"><br \/>\n<\/span><span style=\"font-weight: 400;\">(Viking PRO-H) Cartucho de prefiltraci\u00f3n antiincrustante patentado<\/span><span style=\"font-weight: 400;\"><br \/>\n<\/span><span style=\"font-weight: 400;\">(RO) Innovador sistema de \u00f3smosis inversa de doble bomba<\/span><span style=\"font-weight: 400;\"><br \/>\n<\/span><span style=\"font-weight: 400;\">0,1 micras (K7B) Remineralizaci\u00f3n con microfiltraci\u00f3n<\/span><span style=\"font-weight: 400;\"><br \/>\n<\/span><span style=\"font-weight: 400;\">cuadro el\u00e9ctrico totalmente equipado<\/span><span style=\"font-weight: 400;\"><br \/>\n<\/span><span style=\"font-weight: 400;\">Dep\u00f3sito de acumulaci\u00f3n de 80 L<\/span><\/p>","protected":false},"excerpt":{"rendered":"<p>El APRO 120 UN es un sistema todo en uno de microfiltraci\u00f3n por \u00f3smosis inversa y purificaci\u00f3n de agua.<\/p>","protected":false},"featured_media":5265,"comment_status":"open","ping_status":"closed","template":"","meta":{"_monsterinsights_skip_tracking":false,"_monsterinsights_sitenote_active":false,"_monsterinsights_sitenote_note":"","_monsterinsights_sitenote_category":0,"site-sidebar-layout":"default","site-content-layout":"","ast-site-content-layout":"default","site-content-style":"default","site-sidebar-style":"default","ast-global-header-display":"","ast-banner-title-visibility":"","ast-main-header-display":"","ast-hfb-above-header-display":"","ast-hfb-below-header-display":"","ast-hfb-mobile-header-display":"","site-post-title":"","ast-breadcrumbs-content":"","ast-featured-img":"","footer-sml-layout":"","theme-transparent-header-meta":"default","adv-header-id-meta":"","stick-header-meta":"default","header-above-stick-meta":"","header-main-stick-meta":"","header-below-stick-meta":"","astra-migrate-meta-layouts":"set","ast-page-background-enabled":"default","ast-page-background-meta":{"desktop":{"background-color":"","background-image":"","background-repeat":"repeat","background-position":"center center","background-size":"auto","background-attachment":"scroll","background-type":"","background-media":"","overlay-type":"","overlay-color":"","overlay-opacity":"","overlay-gradient":""},"tablet":{"background-color":"","background-image":"","background-repeat":"repeat","background-position":"center center","background-size":"auto","background-attachment":"scroll","background-type":"","background-media":"","overlay-type":"","overlay-color":"","overlay-opacity":"","overlay-gradient":""},"mobile":{"background-color":"","background-image":"","background-repeat":"repeat","background-position":"center center","background-size":"auto","background-attachment":"scroll","background-type":"","background-media":"","overlay-type":"","overlay-color":"","overlay-opacity":"","overlay-gradient":""}},"ast-content-background-meta":{"desktop":{"background-color":"var(--ast-global-color-5)","background-image":"","background-repeat":"repeat","background-position":"center center","background-size":"auto","background-attachment":"scroll","background-type":"","background-media":"","overlay-type":"","overlay-color":"","overlay-opacity":"","overlay-gradient":""},"tablet":{"background-color":"var(--ast-global-color-5)","background-image":"","background-repeat":"repeat","background-position":"center center","background-size":"auto","background-attachment":"scroll","background-type":"","background-media":"","overlay-type":"","overlay-color":"","overlay-opacity":"","overlay-gradient":""},"mobile":{"background-color":"var(--ast-global-color-5)","background-image":"","background-repeat":"repeat","background-position":"center center","background-size":"auto","background-attachment":"scroll","background-type":"","background-media":"","overlay-type":"","overlay-color":"","overlay-opacity":"","overlay-gradient":""}}},"product_brand":[],"product_cat":[50],"product_tag":[],"class_list":{"0":"post-5216","1":"product","2":"type-product","3":"status-publish","4":"has-post-thumbnail","6":"product_cat-station-de-purification","7":"product_shipping_class-super-lourd","8":"desktop-align-center","9":"tablet-align-left","10":"mobile-align-left","11":"ast-product-gallery-layout-horizontal-slider","12":"ast-magnify-disabled","13":"ast-product-tabs-layout-horizontal","15":"first","16":"instock","17":"taxable","18":"shipping-taxable","19":"purchasable","20":"product-type-simple"},"_links":{"self":[{"href":"https:\/\/jmc-technologies.com\/es\/wp-json\/wp\/v2\/product\/5216","targetHints":{"allow":["GET"]}}],"collection":[{"href":"https:\/\/jmc-technologies.com\/es\/wp-json\/wp\/v2\/product"}],"about":[{"href":"https:\/\/jmc-technologies.com\/es\/wp-json\/wp\/v2\/types\/product"}],"replies":[{"embeddable":true,"href":"https:\/\/jmc-technologies.com\/es\/wp-json\/wp\/v2\/comments?post=5216"}],"version-history":[{"count":0,"href":"https:\/\/jmc-technologies.com\/es\/wp-json\/wp\/v2\/product\/5216\/revisions"}],"wp:featuredmedia":[{"embeddable":true,"href":"https:\/\/jmc-technologies.com\/es\/wp-json\/wp\/v2\/media\/5265"}],"wp:attachment":[{"href":"https:\/\/jmc-technologies.com\/es\/wp-json\/wp\/v2\/media?parent=5216"}],"wp:term":[{"taxonomy":"product_brand","embeddable":true,"href":"https:\/\/jmc-technologies.com\/es\/wp-json\/wp\/v2\/product_brand?post=5216"},{"taxonomy":"product_cat","embeddable":true,"href":"https:\/\/jmc-technologies.com\/es\/wp-json\/wp\/v2\/product_cat?post=5216"},{"taxonomy":"product_tag","embeddable":true,"href":"https:\/\/jmc-technologies.com\/es\/wp-json\/wp\/v2\/product_tag?post=5216"}],"curies":[{"name":"wp","href":"https:\/\/api.w.org\/{rel}","templated":true}]}}