{"id":5599,"date":"2025-04-13T20:59:22","date_gmt":"2025-04-13T18:59:22","guid":{"rendered":"https:\/\/jmc-technologies.com\/?post_type=product&#038;p=5599"},"modified":"2025-09-21T17:57:55","modified_gmt":"2025-09-21T15:57:55","slug":"filtro-de-repuesto-otop-topaz","status":"publish","type":"product","link":"https:\/\/jmc-technologies.com\/es\/produit\/otop-topaz-filtre-remplacement\/","title":{"rendered":"Filtro de recambio O'TOP TOPAZ"},"content":{"rendered":"<p><span style=\"font-weight: 400;\">Cartucho filtrante de recambio AQUAPHOR TOPAZ para el purificador de agua Multi\u00e9tage. <\/span><\/p>\n<p><span style=\"font-weight: 400;\">Est\u00e1 dise\u00f1ado para el postratamiento del agua dom\u00e9stica. El cartucho purificador de agua se fabrica utilizando la moderna tecnolog\u00eda de bloques compuestos. <\/span><\/p>\n<p><span style=\"font-weight: 400;\">El bloque compuesto contiene la combinaci\u00f3n \u00f3ptima de materiales de sorci\u00f3n fibrosos y granulares. <\/span><\/p>\n<p><span style=\"font-weight: 400;\">El purificador de agua proporciona una purificaci\u00f3n eficaz del agua en varias etapas:<\/span><\/p>\n<p><span style=\"font-weight: 400;\">- cloro<\/span><\/p>\n<p><span style=\"font-weight: 400;\">- metales pesados<\/span><\/p>\n<p><span style=\"font-weight: 400;\">- impurezas org\u00e1nicas<\/span><\/p>\n<p><span style=\"font-weight: 400;\">- elimina olores y sabores<\/span><\/p>","protected":false},"excerpt":{"rendered":"<p>Filtro de repuesto para el sistema O'TOP TOPAZ montado en el fregadero, incorpora la tecnolog\u00eda AQUALEN, que captura y elimina la mayor\u00eda de los contaminantes del agua del grifo:<\/p>\n<p>-Cloro<\/p>\n<p><span style=\"font-weight: 400;\">- metales pesados<\/span><\/p>\n<p><span style=\"font-weight: 400;\">- impurezas org\u00e1nicas<\/span><\/p>\n<p><span style=\"font-weight: 400;\">- elimina el sabor y el olor desagradables del agua comunal.<\/span><\/p>","protected":false},"featured_media":5600,"comment_status":"open","ping_status":"closed","template":"","meta":{"_monsterinsights_skip_tracking":false,"_monsterinsights_sitenote_active":false,"_monsterinsights_sitenote_note":"","_monsterinsights_sitenote_category":0,"site-sidebar-layout":"default","site-content-layout":"","ast-site-content-layout":"default","site-content-style":"default","site-sidebar-style":"default","ast-global-header-display":"","ast-banner-title-visibility":"","ast-main-header-display":"","ast-hfb-above-header-display":"","ast-hfb-below-header-display":"","ast-hfb-mobile-header-display":"","site-post-title":"","ast-breadcrumbs-content":"","ast-featured-img":"","footer-sml-layout":"","theme-transparent-header-meta":"default","adv-header-id-meta":"","stick-header-meta":"default","header-above-stick-meta":"","header-main-stick-meta":"","header-below-stick-meta":"","astra-migrate-meta-layouts":"set","ast-page-background-enabled":"default","ast-page-background-meta":{"desktop":{"background-color":"","background-image":"","background-repeat":"repeat","background-position":"center center","background-size":"auto","background-attachment":"scroll","background-type":"","background-media":"","overlay-type":"","overlay-color":"","overlay-opacity":"","overlay-gradient":""},"tablet":{"background-color":"","background-image":"","background-repeat":"repeat","background-position":"center center","background-size":"auto","background-attachment":"scroll","background-type":"","background-media":"","overlay-type":"","overlay-color":"","overlay-opacity":"","overlay-gradient":""},"mobile":{"background-color":"","background-image":"","background-repeat":"repeat","background-position":"center center","background-size":"auto","background-attachment":"scroll","background-type":"","background-media":"","overlay-type":"","overlay-color":"","overlay-opacity":"","overlay-gradient":""}},"ast-content-background-meta":{"desktop":{"background-color":"var(--ast-global-color-5)","background-image":"","background-repeat":"repeat","background-position":"center center","background-size":"auto","background-attachment":"scroll","background-type":"","background-media":"","overlay-type":"","overlay-color":"","overlay-opacity":"","overlay-gradient":""},"tablet":{"background-color":"var(--ast-global-color-5)","background-image":"","background-repeat":"repeat","background-position":"center center","background-size":"auto","background-attachment":"scroll","background-type":"","background-media":"","overlay-type":"","overlay-color":"","overlay-opacity":"","overlay-gradient":""},"mobile":{"background-color":"var(--ast-global-color-5)","background-image":"","background-repeat":"repeat","background-position":"center center","background-size":"auto","background-attachment":"scroll","background-type":"","background-media":"","overlay-type":"","overlay-color":"","overlay-opacity":"","overlay-gradient":""}}},"product_brand":[],"product_cat":[30],"product_tag":[],"class_list":{"0":"post-5599","1":"product","2":"type-product","3":"status-publish","4":"has-post-thumbnail","6":"product_cat-filtre-robinet","7":"desktop-align-center","8":"tablet-align-left","9":"mobile-align-left","10":"ast-product-gallery-layout-horizontal-slider","11":"ast-magnify-disabled","12":"ast-product-tabs-layout-horizontal","14":"first","15":"instock","16":"taxable","17":"shipping-taxable","18":"purchasable","19":"product-type-simple"},"_links":{"self":[{"href":"https:\/\/jmc-technologies.com\/es\/wp-json\/wp\/v2\/product\/5599","targetHints":{"allow":["GET"]}}],"collection":[{"href":"https:\/\/jmc-technologies.com\/es\/wp-json\/wp\/v2\/product"}],"about":[{"href":"https:\/\/jmc-technologies.com\/es\/wp-json\/wp\/v2\/types\/product"}],"replies":[{"embeddable":true,"href":"https:\/\/jmc-technologies.com\/es\/wp-json\/wp\/v2\/comments?post=5599"}],"version-history":[{"count":0,"href":"https:\/\/jmc-technologies.com\/es\/wp-json\/wp\/v2\/product\/5599\/revisions"}],"wp:featuredmedia":[{"embeddable":true,"href":"https:\/\/jmc-technologies.com\/es\/wp-json\/wp\/v2\/media\/5600"}],"wp:attachment":[{"href":"https:\/\/jmc-technologies.com\/es\/wp-json\/wp\/v2\/media?parent=5599"}],"wp:term":[{"taxonomy":"product_brand","embeddable":true,"href":"https:\/\/jmc-technologies.com\/es\/wp-json\/wp\/v2\/product_brand?post=5599"},{"taxonomy":"product_cat","embeddable":true,"href":"https:\/\/jmc-technologies.com\/es\/wp-json\/wp\/v2\/product_cat?post=5599"},{"taxonomy":"product_tag","embeddable":true,"href":"https:\/\/jmc-technologies.com\/es\/wp-json\/wp\/v2\/product_tag?post=5599"}],"curies":[{"name":"wp","href":"https:\/\/api.w.org\/{rel}","templated":true}]}}