{"id":5628,"date":"2025-05-07T20:26:26","date_gmt":"2025-05-07T18:26:26","guid":{"rendered":"https:\/\/jmc-technologies.com\/?post_type=product&#038;p=5628"},"modified":"2025-06-09T12:46:06","modified_gmt":"2025-06-09T10:46:06","slug":"kit-de-prefiltro-de-agua","status":"publish","type":"product","link":"https:\/\/jmc-technologies.com\/es\/produit\/kit-prefiltre-a-eau\/","title":{"rendered":"Kit de prefiltro de agua"},"content":{"rendered":"<p><strong>Kit de prefiltro de agua<\/strong><\/p>\n<p><span style=\"font-weight: 400;\">Ofrecemos una gama de dos (2) cuerpos para cartuchos de prefiltraci\u00f3n adaptados a las redes de agua urbanas convencionales. Ideales para el punto de uso y el punto de entrada, perfectos para el pretratamiento del agua y en aplicaciones t\u00e9cnicas e industriales. Combine el cuerpo y el cartucho m\u00e1s adecuado de nuestra gama y disfrute de todas las ventajas de la calidad JMC. Para otras necesidades, tambi\u00e9n disponemos de muchas otras soluciones bajo pedido para estudios espec\u00edficos.<\/span><\/p>\n<p>&nbsp;<\/p>","protected":false},"excerpt":{"rendered":"<p><strong>Kit de prefiltro de agua<\/strong><\/p>\n<p><span style=\"font-weight: 400;\">Ofrecemos una gama de dos (2) cuerpos para cartuchos de prefiltraci\u00f3n adaptados a las redes de agua urbanas convencionales. Ideales para el punto de uso y el punto de entrada, perfectos para el pretratamiento del agua y en aplicaciones t\u00e9cnicas e industriales. Combine el cuerpo y el cartucho m\u00e1s adecuado de nuestra gama y disfrute de todas las ventajas de la calidad JMC. Para otras necesidades, tambi\u00e9n disponemos de muchas otras soluciones bajo pedido para estudios espec\u00edficos.<\/span><\/p>\n<p><span style=\"font-weight: 400;\">Tambi\u00e9n se pueden solicitar combinaciones de d\u00fao y tr\u00edo.<\/span><\/p>\n<p>&nbsp;<\/p>","protected":false},"featured_media":5629,"comment_status":"open","ping_status":"closed","template":"","meta":{"_monsterinsights_skip_tracking":false,"_monsterinsights_sitenote_active":false,"_monsterinsights_sitenote_note":"","_monsterinsights_sitenote_category":0,"site-sidebar-layout":"default","site-content-layout":"","ast-site-content-layout":"default","site-content-style":"default","site-sidebar-style":"default","ast-global-header-display":"","ast-banner-title-visibility":"","ast-main-header-display":"","ast-hfb-above-header-display":"","ast-hfb-below-header-display":"","ast-hfb-mobile-header-display":"","site-post-title":"","ast-breadcrumbs-content":"","ast-featured-img":"","footer-sml-layout":"","theme-transparent-header-meta":"default","adv-header-id-meta":"","stick-header-meta":"default","header-above-stick-meta":"","header-main-stick-meta":"","header-below-stick-meta":"","astra-migrate-meta-layouts":"set","ast-page-background-enabled":"default","ast-page-background-meta":{"desktop":{"background-color":"","background-image":"","background-repeat":"repeat","background-position":"center center","background-size":"auto","background-attachment":"scroll","background-type":"","background-media":"","overlay-type":"","overlay-color":"","overlay-opacity":"","overlay-gradient":""},"tablet":{"background-color":"","background-image":"","background-repeat":"repeat","background-position":"center center","background-size":"auto","background-attachment":"scroll","background-type":"","background-media":"","overlay-type":"","overlay-color":"","overlay-opacity":"","overlay-gradient":""},"mobile":{"background-color":"","background-image":"","background-repeat":"repeat","background-position":"center center","background-size":"auto","background-attachment":"scroll","background-type":"","background-media":"","overlay-type":"","overlay-color":"","overlay-opacity":"","overlay-gradient":""}},"ast-content-background-meta":{"desktop":{"background-color":"var(--ast-global-color-5)","background-image":"","background-repeat":"repeat","background-position":"center center","background-size":"auto","background-attachment":"scroll","background-type":"","background-media":"","overlay-type":"","overlay-color":"","overlay-opacity":"","overlay-gradient":""},"tablet":{"background-color":"var(--ast-global-color-5)","background-image":"","background-repeat":"repeat","background-position":"center center","background-size":"auto","background-attachment":"scroll","background-type":"","background-media":"","overlay-type":"","overlay-color":"","overlay-opacity":"","overlay-gradient":""},"mobile":{"background-color":"var(--ast-global-color-5)","background-image":"","background-repeat":"repeat","background-position":"center center","background-size":"auto","background-attachment":"scroll","background-type":"","background-media":"","overlay-type":"","overlay-color":"","overlay-opacity":"","overlay-gradient":""}}},"product_brand":[],"product_cat":[62],"product_tag":[],"class_list":{"0":"post-5628","1":"product","2":"type-product","3":"status-publish","4":"has-post-thumbnail","6":"product_cat-kit-de-prefiltration-a-eau","7":"desktop-align-center","8":"tablet-align-left","9":"mobile-align-left","10":"ast-product-gallery-layout-horizontal-slider","11":"ast-product-gallery-with-no-image","12":"ast-magnify-disabled","13":"ast-product-tabs-layout-horizontal","15":"first","16":"instock","17":"taxable","18":"shipping-taxable","19":"purchasable","20":"product-type-simple"},"_links":{"self":[{"href":"https:\/\/jmc-technologies.com\/es\/wp-json\/wp\/v2\/product\/5628","targetHints":{"allow":["GET"]}}],"collection":[{"href":"https:\/\/jmc-technologies.com\/es\/wp-json\/wp\/v2\/product"}],"about":[{"href":"https:\/\/jmc-technologies.com\/es\/wp-json\/wp\/v2\/types\/product"}],"replies":[{"embeddable":true,"href":"https:\/\/jmc-technologies.com\/es\/wp-json\/wp\/v2\/comments?post=5628"}],"version-history":[{"count":0,"href":"https:\/\/jmc-technologies.com\/es\/wp-json\/wp\/v2\/product\/5628\/revisions"}],"wp:featuredmedia":[{"embeddable":true,"href":"https:\/\/jmc-technologies.com\/es\/wp-json\/wp\/v2\/media\/5629"}],"wp:attachment":[{"href":"https:\/\/jmc-technologies.com\/es\/wp-json\/wp\/v2\/media?parent=5628"}],"wp:term":[{"taxonomy":"product_brand","embeddable":true,"href":"https:\/\/jmc-technologies.com\/es\/wp-json\/wp\/v2\/product_brand?post=5628"},{"taxonomy":"product_cat","embeddable":true,"href":"https:\/\/jmc-technologies.com\/es\/wp-json\/wp\/v2\/product_cat?post=5628"},{"taxonomy":"product_tag","embeddable":true,"href":"https:\/\/jmc-technologies.com\/es\/wp-json\/wp\/v2\/product_tag?post=5628"}],"curies":[{"name":"wp","href":"https:\/\/api.w.org\/{rel}","templated":true}]}}